{"id":11,"date":"2023-01-06T09:28:19","date_gmt":"2023-01-06T09:28:19","guid":{"rendered":"http:\/\/young-escort-berlin.de\/?page_id=11"},"modified":"2026-04-10T13:47:55","modified_gmt":"2026-04-10T13:47:55","slug":"herzlich-willkommen","status":"publish","type":"page","link":"https:\/\/young-escort-berlin.de\/en\/","title":{"rendered":"Herzlich willkommen  <a href=welcome><img border=\"0\" src=\"https:\/\/young-escort-berlin.de\/wp-content\/uploads\/2023\/01\/engl.jpg\" align=\"top\" hspace=4 alt=\"\" width=\"26\" height=\"13\"\/><\/a>"},"content":{"rendered":"<h2 style=\"text-align: left;\"><span style=\"color: #000000; font-family: arial, helvetica, sans-serif; font-size: 12pt;\">Komm uns besuchen. Aufregende M\u00e4dchen warten auf Dich. <br \/>Lass dich verw\u00f6hnen und entspanne vom Alltag. <br \/>Genie\u00dfe eine erotische Auszeit.<br \/>Unsere Wohlf\u00fchlr\u00e4ume und der extravagante Service werden dich nicht entt\u00e4uschen. Wir erf\u00fcllen deine Tr\u00e4ume.<br \/><\/span><\/h2>\r\n<p><span style=\"color: #000000; font-family: arial, helvetica, sans-serif; font-size: 10pt;\">Sollten Sie j\u00fcnger als 18 Jahre alt sein, m\u00fcssen Sie diese Webseite verlassen!<br \/><a href=\"https:\/\/young-escort-berlin.de\/jobangebot\/\">Wir suchen st\u00e4ndig Mitarbeiterinnen. Bewirb dich! &gt;&gt;<\/a><\/span><\/p>\r\n\r\n<h2 class=\"wp-block-heading\"><img loading=\"lazy\" decoding=\"async\" class=\"wp-image-507 size-medium aligncenter\" src=\"https:\/\/young-escort-berlin.de\/wp-content\/uploads\/2025\/10\/Eingang.jpg\" alt=\"\" width=\"215\" height=\"300\" \/><\/h2>\r\n<h2 class=\"has-white-color has-black-background-color has-text-color has-background\" style=\"font-size: 14px;\"><span style=\"font-size: 12pt; font-family: arial, helvetica, sans-serif;\">Ihr findet uns <\/span><br \/><span style=\"font-size: 12pt; font-family: arial, helvetica, sans-serif;\">von 15:00 Uhr bis 03:00 Uhr <br \/><\/span><span style=\"font-size: 12pt; font-family: arial, helvetica, sans-serif;\">in der Bundesallee 128<\/span><br \/><span style=\"font-size: 12pt; font-family: arial, helvetica, sans-serif;\">12161 Berlin Friedenau<\/span><\/h2>\r\n<h2 class=\"has-white-color has-black-background-color has-text-color has-background\"><span style=\"font-size: 8pt;\">Wir bieten unseren Service f\u00fcr den seri\u00f6sen Kunden <br \/>nach Absprache gegen <\/span><span style=\"font-size: 8pt;\">einen kleinen Aufpreis auch<br \/>au\u00dferhalb der \u00d6ffnungszeiten an<\/span><\/h2>\r\n<p><span style=\"font-size: 12pt;\">\r\n\r\n<\/span><\/p>\r\n<p class=\"has-white-color has-black-background-color has-text-color has-background\" style=\"font-size: 14px;\"><span style=\"font-family: arial, helvetica, sans-serif;\"><strong><span style=\"font-size: 12pt;\">Wir sind telefonisch zu erreichen:<\/span><br \/><span style=\"font-size: 12pt;\">tel: und Telegram: <\/span><\/strong><\/span><strong>0176 41925952<\/strong><br \/><span style=\"font-family: arial, helvetica, sans-serif;\"><strong><span style=\"font-size: 12pt;\">tel:\u00a0und WhatsApp: <\/span><\/strong><\/span><strong>0170 4920407<\/strong><\/p>\r\n<p class=\"has-white-color has-black-background-color has-text-color has-background\" style=\"font-size: 14px;\"><span style=\"font-family: arial, helvetica, sans-serif;\"><strong><br \/><span style=\"font-size: 12pt;\">eMail: <br \/><a href=\"mailto:termin@young-escort-berlin.de\">termin@young-escort-berlin.de<\/a><\/span><br \/><\/strong><\/span><\/p>\r\n","protected":false},"excerpt":{"rendered":"<p>Komm uns besuchen. Aufregende M\u00e4dchen warten auf Dich. Lass dich verw\u00f6hnen und entspanne vom Alltag. Genie\u00dfe eine erotische Auszeit.Unsere Wohlf\u00fchlr\u00e4ume und der extravagante Service werden dich nicht entt\u00e4uschen. Wir erf\u00fcllen deine Tr\u00e4ume. Sollten Sie j\u00fcnger als 18 Jahre alt sein, &hellip; <a href=\"https:\/\/young-escort-berlin.de\/en\/\">Continue reading <span class=\"meta-nav\">&rarr;<\/span><\/a><\/p>\n","protected":false},"author":1,"featured_media":0,"parent":0,"menu_order":0,"comment_status":"closed","ping_status":"closed","template":"","meta":{"_acf_changed":false,"footnotes":""},"class_list":["post-11","page","type-page","status-publish","hentry"],"translation":{"provider":"WPGlobus","version":"3.0.2","language":"en","enabled_languages":["de","en"],"languages":{"de":{"title":true,"content":true,"excerpt":false},"en":{"title":false,"content":false,"excerpt":false}}},"acf":[],"yoast_head":"<!-- This site is optimized with the Yoast SEO plugin v26.8 - https:\/\/yoast.com\/product\/yoast-seo-wordpress\/ -->\n<title>Mihaelas Massage Studio | young-escort-berlin<\/title>\n<meta name=\"robots\" content=\"index, follow, max-snippet:-1, max-image-preview:large, max-video-preview:-1\" \/>\n<link rel=\"canonical\" href=\"https:\/\/young-escort-berlin.de\/\" \/>\n<meta property=\"og:locale\" content=\"en_US\" \/>\n<meta property=\"og:type\" content=\"article\" \/>\n<meta property=\"og:title\" content=\"Herzlich willkommen  | Mihaelas Massage Studio\" \/>\n<meta property=\"og:url\" content=\"https:\/\/young-escort-berlin.de\/\" \/>\n<meta property=\"og:site_name\" content=\"Mihaelas Massage Studio\" \/>\n<meta property=\"article:modified_time\" content=\"2026-04-10T13:47:55+00:00\" \/>\n<meta property=\"og:image\" content=\"https:\/\/young-escort-berlin.de\/wp-content\/uploads\/2023\/08\/Eingang.jpg\" \/>\n\t<meta property=\"og:image:width\" content=\"899\" \/>\n\t<meta property=\"og:image:height\" content=\"1252\" \/>\n\t<meta property=\"og:image:type\" content=\"image\/jpeg\" \/>\n<meta name=\"twitter:card\" content=\"summary_large_image\" \/>\n<meta name=\"twitter:label1\" content=\"Est. reading time\" \/>\n\t<meta name=\"twitter:data1\" content=\"1 minute\" \/>\n<script type=\"application\/ld+json\" class=\"yoast-schema-graph\">{\"@context\":\"https:\/\/schema.org\",\"@graph\":[{\"@type\":\"WebPage\",\"@id\":\"https:\/\/young-escort-berlin.de\/\",\"url\":\"https:\/\/young-escort-berlin.de\/\",\"name\":\"Mihaelas Massage Studio | young-escort-berlin\",\"isPartOf\":{\"@id\":\"https:\/\/young-escort-berlin.de\/#website\"},\"primaryImageOfPage\":{\"@id\":\"https:\/\/young-escort-berlin.de\/#primaryimage\"},\"image\":{\"@id\":\"https:\/\/young-escort-berlin.de\/#primaryimage\"},\"thumbnailUrl\":\"https:\/\/young-escort-berlin.de\/wp-content\/uploads\/2025\/10\/Eingang.jpg\",\"datePublished\":\"2023-01-06T09:28:19+00:00\",\"dateModified\":\"2026-04-10T13:47:55+00:00\",\"description\":\"Bei uns erlebst du Sex mit jungen Girls. Teens werden dich mit wildem Sex und gro\u00dfer Lust verw\u00f6hnen. Berlins young Teens Bordell und Escort\",\"breadcrumb\":{\"@id\":\"https:\/\/young-escort-berlin.de\/#breadcrumb\"},\"inLanguage\":\"en-US\",\"potentialAction\":[{\"@type\":\"ReadAction\",\"target\":[\"https:\/\/young-escort-berlin.de\/\"]}]},{\"@type\":\"ImageObject\",\"inLanguage\":\"en-US\",\"@id\":\"https:\/\/young-escort-berlin.de\/#primaryimage\",\"url\":\"https:\/\/young-escort-berlin.de\/wp-content\/uploads\/2025\/10\/Eingang.jpg\",\"contentUrl\":\"https:\/\/young-escort-berlin.de\/wp-content\/uploads\/2025\/10\/Eingang.jpg\"},{\"@type\":\"BreadcrumbList\",\"@id\":\"https:\/\/young-escort-berlin.de\/#breadcrumb\",\"itemListElement\":[{\"@type\":\"ListItem\",\"position\":1,\"name\":\"Startseite\",\"item\":\"https:\/\/young-escort-berlin.de\/\"},{\"@type\":\"ListItem\",\"position\":2,\"name\":\"Herzlich willkommen\"}]},{\"@type\":\"WebSite\",\"@id\":\"https:\/\/young-escort-berlin.de\/#website\",\"url\":\"https:\/\/young-escort-berlin.de\/\",\"name\":\"Mihaelas Massage Studio\",\"description\":\"young-escort-berlin\",\"publisher\":{\"@id\":\"https:\/\/young-escort-berlin.de\/#organization\"},\"potentialAction\":[{\"@type\":\"SearchAction\",\"target\":{\"@type\":\"EntryPoint\",\"urlTemplate\":\"https:\/\/young-escort-berlin.de\/?s={search_term_string}\"},\"query-input\":{\"@type\":\"PropertyValueSpecification\",\"valueRequired\":true,\"valueName\":\"search_term_string\"}}],\"inLanguage\":\"en-US\"},{\"@type\":\"Organization\",\"@id\":\"https:\/\/young-escort-berlin.de\/#organization\",\"name\":\"Mihaelas Massage Studio\",\"url\":\"https:\/\/young-escort-berlin.de\/\",\"logo\":{\"@type\":\"ImageObject\",\"inLanguage\":\"en-US\",\"@id\":\"https:\/\/young-escort-berlin.de\/#\/schema\/logo\/image\/\",\"url\":\"https:\/\/young-escort-berlin.de\/wp-content\/uploads\/2023\/01\/flavicon-1.jpg\",\"contentUrl\":\"https:\/\/young-escort-berlin.de\/wp-content\/uploads\/2023\/01\/flavicon-1.jpg\",\"width\":200,\"height\":200,\"caption\":\"Mihaelas Massage Studio\"},\"image\":{\"@id\":\"https:\/\/young-escort-berlin.de\/#\/schema\/logo\/image\/\"}}]}<\/script>\n<!-- \/ Yoast SEO plugin. -->","yoast_head_json":{"title":"Mihaelas Massage Studio | young-escort-berlin","robots":{"index":"index","follow":"follow","max-snippet":"max-snippet:-1","max-image-preview":"max-image-preview:large","max-video-preview":"max-video-preview:-1"},"canonical":"https:\/\/young-escort-berlin.de\/","og_locale":"en_US","og_type":"article","og_title":"Herzlich willkommen  | Mihaelas Massage Studio","og_url":"https:\/\/young-escort-berlin.de\/","og_site_name":"Mihaelas Massage Studio","article_modified_time":"2026-04-10T13:47:55+00:00","og_image":[{"width":899,"height":1252,"url":"https:\/\/young-escort-berlin.de\/wp-content\/uploads\/2023\/08\/Eingang.jpg","type":"image\/jpeg"}],"twitter_card":"summary_large_image","twitter_misc":{"Est. reading time":"1 minute"},"schema":{"@context":"https:\/\/schema.org","@graph":[{"@type":"WebPage","@id":"https:\/\/young-escort-berlin.de\/","url":"https:\/\/young-escort-berlin.de\/","name":"Mihaelas Massage Studio | young-escort-berlin","isPartOf":{"@id":"https:\/\/young-escort-berlin.de\/#website"},"primaryImageOfPage":{"@id":"https:\/\/young-escort-berlin.de\/#primaryimage"},"image":{"@id":"https:\/\/young-escort-berlin.de\/#primaryimage"},"thumbnailUrl":"https:\/\/young-escort-berlin.de\/wp-content\/uploads\/2025\/10\/Eingang.jpg","datePublished":"2023-01-06T09:28:19+00:00","dateModified":"2026-04-10T13:47:55+00:00","description":"Bei uns erlebst du Sex mit jungen Girls. Teens werden dich mit wildem Sex und gro\u00dfer Lust verw\u00f6hnen. Berlins young Teens Bordell und Escort","breadcrumb":{"@id":"https:\/\/young-escort-berlin.de\/#breadcrumb"},"inLanguage":"en-US","potentialAction":[{"@type":"ReadAction","target":["https:\/\/young-escort-berlin.de\/"]}]},{"@type":"ImageObject","inLanguage":"en-US","@id":"https:\/\/young-escort-berlin.de\/#primaryimage","url":"https:\/\/young-escort-berlin.de\/wp-content\/uploads\/2025\/10\/Eingang.jpg","contentUrl":"https:\/\/young-escort-berlin.de\/wp-content\/uploads\/2025\/10\/Eingang.jpg"},{"@type":"BreadcrumbList","@id":"https:\/\/young-escort-berlin.de\/#breadcrumb","itemListElement":[{"@type":"ListItem","position":1,"name":"Startseite","item":"https:\/\/young-escort-berlin.de\/"},{"@type":"ListItem","position":2,"name":"Herzlich willkommen"}]},{"@type":"WebSite","@id":"https:\/\/young-escort-berlin.de\/#website","url":"https:\/\/young-escort-berlin.de\/","name":"Mihaelas Massage Studio","description":"young-escort-berlin","publisher":{"@id":"https:\/\/young-escort-berlin.de\/#organization"},"potentialAction":[{"@type":"SearchAction","target":{"@type":"EntryPoint","urlTemplate":"https:\/\/young-escort-berlin.de\/?s={search_term_string}"},"query-input":{"@type":"PropertyValueSpecification","valueRequired":true,"valueName":"search_term_string"}}],"inLanguage":"en-US"},{"@type":"Organization","@id":"https:\/\/young-escort-berlin.de\/#organization","name":"Mihaelas Massage Studio","url":"https:\/\/young-escort-berlin.de\/","logo":{"@type":"ImageObject","inLanguage":"en-US","@id":"https:\/\/young-escort-berlin.de\/#\/schema\/logo\/image\/","url":"https:\/\/young-escort-berlin.de\/wp-content\/uploads\/2023\/01\/flavicon-1.jpg","contentUrl":"https:\/\/young-escort-berlin.de\/wp-content\/uploads\/2023\/01\/flavicon-1.jpg","width":200,"height":200,"caption":"Mihaelas Massage Studio"},"image":{"@id":"https:\/\/young-escort-berlin.de\/#\/schema\/logo\/image\/"}}]}},"_links":{"self":[{"href":"https:\/\/young-escort-berlin.de\/en\/wp-json\/wp\/v2\/pages\/11","targetHints":{"allow":["GET"]}}],"collection":[{"href":"https:\/\/young-escort-berlin.de\/en\/wp-json\/wp\/v2\/pages"}],"about":[{"href":"https:\/\/young-escort-berlin.de\/en\/wp-json\/wp\/v2\/types\/page"}],"author":[{"embeddable":true,"href":"https:\/\/young-escort-berlin.de\/en\/wp-json\/wp\/v2\/users\/1"}],"replies":[{"embeddable":true,"href":"https:\/\/young-escort-berlin.de\/en\/wp-json\/wp\/v2\/comments?post=11"}],"version-history":[{"count":73,"href":"https:\/\/young-escort-berlin.de\/en\/wp-json\/wp\/v2\/pages\/11\/revisions"}],"predecessor-version":[{"id":723,"href":"https:\/\/young-escort-berlin.de\/en\/wp-json\/wp\/v2\/pages\/11\/revisions\/723"}],"wp:attachment":[{"href":"https:\/\/young-escort-berlin.de\/en\/wp-json\/wp\/v2\/media?parent=11"}],"curies":[{"name":"wp","href":"https:\/\/api.w.org\/{rel}","templated":true}]}}