{"id":1185,"date":"2025-09-05T10:54:17","date_gmt":"2025-09-05T10:54:17","guid":{"rendered":"https:\/\/young-escort-berlin.de\/?page_id=1185"},"modified":"2025-09-05T10:55:44","modified_gmt":"2025-09-05T10:55:44","slug":"jobangebot","status":"publish","type":"page","link":"https:\/\/young-escort-berlin.de\/en\/jobangebot\/","title":{"rendered":"Jobangebot"},"content":{"rendered":"<p><strong><span style=\"font-size: 14pt;\">Wir suchen st\u00e4ndig Frauen f\u00fcr Arbeit im Erotikbereich<\/span><br \/>\n<em><span style=\"font-size: 12pt;\">We are constantly looking for women for work in the erotic sector<\/span><\/em><\/strong><\/p>\n<p><span style=\"font-size: 14pt;\">Wir suchen Frauen unabh\u00e4ngig ihrer Nationalit\u00e4t. <\/span><br \/>\n<span style=\"font-size: 14pt;\">Wichtig f\u00fcr uns ist ein gepflegtes \u00c4u\u00dferes, gesunde Einstellung und Spa\u00df an dieser Arbeit. Sch\u00f6n w\u00e4re es auch, wenn ihr euch gut in das Team einf\u00fcgen k\u00f6nnt.<\/span><br \/>\n<span style=\"font-size: 14pt;\">Wir helfen gerne, um die notwendigen Papiere und Dokumente zu bekommen und die notwendige Anmeldung zu erledigen.<\/span><br \/>\n<span style=\"font-size: 14pt;\">Meldet euch einfach unter 0049 176 419 259 52.<\/span><\/p>\n<p><span style=\"font-size: 12pt;\"><em>We are looking for women regardless of their nationality.<\/em><\/span><br \/>\n<span style=\"font-size: 12pt;\"><em>A well-groomed appearance, a healthy attitude, and enjoyment of this work are important to us. It would also be great if you can fit in well with the team.<\/em><\/span><br \/>\n<span style=\"font-size: 12pt;\"><em>We are happy to help you obtain the necessary paperwork and documents and complete the necessary registration.<\/em><\/span><br \/>\n<span style=\"font-size: 12pt;\"><em>Simply contact us at 0049 176 419 259 52.<\/em><\/span><\/p>\n","protected":false},"excerpt":{"rendered":"<p>Wir suchen st\u00e4ndig Frauen f\u00fcr Arbeit im Erotikbereich We are constantly looking for women for work in the erotic sector Wir suchen Frauen unabh\u00e4ngig ihrer Nationalit\u00e4t. Wichtig f\u00fcr uns ist ein gepflegtes \u00c4u\u00dferes, gesunde Einstellung und Spa\u00df an dieser Arbeit. &hellip; <a href=\"https:\/\/young-escort-berlin.de\/en\/jobangebot\/\">Continue reading <span class=\"meta-nav\">&rarr;<\/span><\/a><\/p>\n","protected":false},"author":1,"featured_media":0,"parent":0,"menu_order":0,"comment_status":"closed","ping_status":"closed","template":"","meta":{"_acf_changed":false,"footnotes":""},"class_list":["post-1185","page","type-page","status-publish","hentry"],"translation":{"provider":"WPGlobus","version":"3.0.2","language":"en","enabled_languages":["de","en"],"languages":{"de":{"title":true,"content":true,"excerpt":false},"en":{"title":false,"content":false,"excerpt":false}}},"acf":[],"yoast_head":"<!-- This site is optimized with the Yoast SEO plugin v26.8 - https:\/\/yoast.com\/product\/yoast-seo-wordpress\/ -->\n<title>Jobangebot | Mihaelas Massage Studio<\/title>\n<meta name=\"robots\" content=\"index, follow, max-snippet:-1, max-image-preview:large, max-video-preview:-1\" \/>\n<link rel=\"canonical\" href=\"https:\/\/young-escort-berlin.de\/jobangebot\/\" \/>\n<meta property=\"og:locale\" content=\"en_US\" \/>\n<meta property=\"og:type\" content=\"article\" \/>\n<meta property=\"og:title\" content=\"Jobangebot | Mihaelas Massage Studio\" \/>\n<meta property=\"og:url\" content=\"https:\/\/young-escort-berlin.de\/jobangebot\/\" \/>\n<meta property=\"og:site_name\" content=\"Mihaelas Massage Studio\" \/>\n<meta property=\"article:modified_time\" content=\"2025-09-05T10:55:44+00:00\" \/>\n<meta name=\"twitter:card\" content=\"summary_large_image\" \/>\n<meta name=\"twitter:label1\" content=\"Est. reading time\" \/>\n\t<meta name=\"twitter:data1\" content=\"1 minute\" \/>\n<script type=\"application\/ld+json\" class=\"yoast-schema-graph\">{\"@context\":\"https:\/\/schema.org\",\"@graph\":[{\"@type\":\"WebPage\",\"@id\":\"https:\/\/young-escort-berlin.de\/jobangebot\/\",\"url\":\"https:\/\/young-escort-berlin.de\/jobangebot\/\",\"name\":\"Jobangebot | Mihaelas Massage Studio\",\"isPartOf\":{\"@id\":\"https:\/\/young-escort-berlin.de\/#website\"},\"datePublished\":\"2025-09-05T10:54:17+00:00\",\"dateModified\":\"2025-09-05T10:55:44+00:00\",\"breadcrumb\":{\"@id\":\"https:\/\/young-escort-berlin.de\/jobangebot\/#breadcrumb\"},\"inLanguage\":\"en-US\",\"potentialAction\":[{\"@type\":\"ReadAction\",\"target\":[\"https:\/\/young-escort-berlin.de\/jobangebot\/\"]}]},{\"@type\":\"BreadcrumbList\",\"@id\":\"https:\/\/young-escort-berlin.de\/jobangebot\/#breadcrumb\",\"itemListElement\":[{\"@type\":\"ListItem\",\"position\":1,\"name\":\"Startseite\",\"item\":\"https:\/\/young-escort-berlin.de\/\"},{\"@type\":\"ListItem\",\"position\":2,\"name\":\"Jobangebot\"}]},{\"@type\":\"WebSite\",\"@id\":\"https:\/\/young-escort-berlin.de\/#website\",\"url\":\"https:\/\/young-escort-berlin.de\/\",\"name\":\"Mihaelas Massage Studio\",\"description\":\"young-escort-berlin\",\"publisher\":{\"@id\":\"https:\/\/young-escort-berlin.de\/#organization\"},\"potentialAction\":[{\"@type\":\"SearchAction\",\"target\":{\"@type\":\"EntryPoint\",\"urlTemplate\":\"https:\/\/young-escort-berlin.de\/?s={search_term_string}\"},\"query-input\":{\"@type\":\"PropertyValueSpecification\",\"valueRequired\":true,\"valueName\":\"search_term_string\"}}],\"inLanguage\":\"en-US\"},{\"@type\":\"Organization\",\"@id\":\"https:\/\/young-escort-berlin.de\/#organization\",\"name\":\"Mihaelas Massage Studio\",\"url\":\"https:\/\/young-escort-berlin.de\/\",\"logo\":{\"@type\":\"ImageObject\",\"inLanguage\":\"en-US\",\"@id\":\"https:\/\/young-escort-berlin.de\/#\/schema\/logo\/image\/\",\"url\":\"https:\/\/young-escort-berlin.de\/wp-content\/uploads\/2023\/01\/flavicon-1.jpg\",\"contentUrl\":\"https:\/\/young-escort-berlin.de\/wp-content\/uploads\/2023\/01\/flavicon-1.jpg\",\"width\":200,\"height\":200,\"caption\":\"Mihaelas Massage Studio\"},\"image\":{\"@id\":\"https:\/\/young-escort-berlin.de\/#\/schema\/logo\/image\/\"}}]}<\/script>\n<!-- \/ Yoast SEO plugin. -->","yoast_head_json":{"title":"Jobangebot | Mihaelas Massage Studio","robots":{"index":"index","follow":"follow","max-snippet":"max-snippet:-1","max-image-preview":"max-image-preview:large","max-video-preview":"max-video-preview:-1"},"canonical":"https:\/\/young-escort-berlin.de\/jobangebot\/","og_locale":"en_US","og_type":"article","og_title":"Jobangebot | Mihaelas Massage Studio","og_url":"https:\/\/young-escort-berlin.de\/jobangebot\/","og_site_name":"Mihaelas Massage Studio","article_modified_time":"2025-09-05T10:55:44+00:00","twitter_card":"summary_large_image","twitter_misc":{"Est. reading time":"1 minute"},"schema":{"@context":"https:\/\/schema.org","@graph":[{"@type":"WebPage","@id":"https:\/\/young-escort-berlin.de\/jobangebot\/","url":"https:\/\/young-escort-berlin.de\/jobangebot\/","name":"Jobangebot | Mihaelas Massage Studio","isPartOf":{"@id":"https:\/\/young-escort-berlin.de\/#website"},"datePublished":"2025-09-05T10:54:17+00:00","dateModified":"2025-09-05T10:55:44+00:00","breadcrumb":{"@id":"https:\/\/young-escort-berlin.de\/jobangebot\/#breadcrumb"},"inLanguage":"en-US","potentialAction":[{"@type":"ReadAction","target":["https:\/\/young-escort-berlin.de\/jobangebot\/"]}]},{"@type":"BreadcrumbList","@id":"https:\/\/young-escort-berlin.de\/jobangebot\/#breadcrumb","itemListElement":[{"@type":"ListItem","position":1,"name":"Startseite","item":"https:\/\/young-escort-berlin.de\/"},{"@type":"ListItem","position":2,"name":"Jobangebot"}]},{"@type":"WebSite","@id":"https:\/\/young-escort-berlin.de\/#website","url":"https:\/\/young-escort-berlin.de\/","name":"Mihaelas Massage Studio","description":"young-escort-berlin","publisher":{"@id":"https:\/\/young-escort-berlin.de\/#organization"},"potentialAction":[{"@type":"SearchAction","target":{"@type":"EntryPoint","urlTemplate":"https:\/\/young-escort-berlin.de\/?s={search_term_string}"},"query-input":{"@type":"PropertyValueSpecification","valueRequired":true,"valueName":"search_term_string"}}],"inLanguage":"en-US"},{"@type":"Organization","@id":"https:\/\/young-escort-berlin.de\/#organization","name":"Mihaelas Massage Studio","url":"https:\/\/young-escort-berlin.de\/","logo":{"@type":"ImageObject","inLanguage":"en-US","@id":"https:\/\/young-escort-berlin.de\/#\/schema\/logo\/image\/","url":"https:\/\/young-escort-berlin.de\/wp-content\/uploads\/2023\/01\/flavicon-1.jpg","contentUrl":"https:\/\/young-escort-berlin.de\/wp-content\/uploads\/2023\/01\/flavicon-1.jpg","width":200,"height":200,"caption":"Mihaelas Massage Studio"},"image":{"@id":"https:\/\/young-escort-berlin.de\/#\/schema\/logo\/image\/"}}]}},"_links":{"self":[{"href":"https:\/\/young-escort-berlin.de\/en\/wp-json\/wp\/v2\/pages\/1185","targetHints":{"allow":["GET"]}}],"collection":[{"href":"https:\/\/young-escort-berlin.de\/en\/wp-json\/wp\/v2\/pages"}],"about":[{"href":"https:\/\/young-escort-berlin.de\/en\/wp-json\/wp\/v2\/types\/page"}],"author":[{"embeddable":true,"href":"https:\/\/young-escort-berlin.de\/en\/wp-json\/wp\/v2\/users\/1"}],"replies":[{"embeddable":true,"href":"https:\/\/young-escort-berlin.de\/en\/wp-json\/wp\/v2\/comments?post=1185"}],"version-history":[{"count":5,"href":"https:\/\/young-escort-berlin.de\/en\/wp-json\/wp\/v2\/pages\/1185\/revisions"}],"predecessor-version":[{"id":1190,"href":"https:\/\/young-escort-berlin.de\/en\/wp-json\/wp\/v2\/pages\/1185\/revisions\/1190"}],"wp:attachment":[{"href":"https:\/\/young-escort-berlin.de\/en\/wp-json\/wp\/v2\/media?parent=1185"}],"curies":[{"name":"wp","href":"https:\/\/api.w.org\/{rel}","templated":true}]}}