{"id":995,"date":"2025-03-22T11:25:17","date_gmt":"2025-03-22T11:25:17","guid":{"rendered":"https:\/\/young-escort-berlin.de\/?page_id=995"},"modified":"2025-03-22T11:27:39","modified_gmt":"2025-03-22T11:27:39","slug":"995-2","status":"publish","type":"page","link":"https:\/\/young-escort-berlin.de\/en\/995-2\/","title":{"rendered":"Anna"},"content":{"rendered":"<style id=\"bwg-style-0\">    #bwg_container1_0 #bwg_container2_0 .bwg-container-0.bwg-standard-thumbnails {      width: 1254px;              justify-content: center;        margin:0 auto !important;              background-color: rgba(255, 255, 255, 0.00);            padding-left: 4px;      padding-top: 4px;      max-width: 100%;            }        #bwg_container1_0 #bwg_container2_0 .bwg-container-0.bwg-standard-thumbnails .bwg-item {    justify-content: flex-start;      max-width: 250px;          }    #bwg_container1_0 #bwg_container2_0 .bwg-container-0.bwg-standard-thumbnails .bwg-item a {       margin-right: 4px;       margin-bottom: 4px;    }    #bwg_container1_0 #bwg_container2_0 .bwg-container-0.bwg-standard-thumbnails .bwg-item0 {      padding: 0px;            background-color:rgba(0,0,0, 0.30);      border: 0px none #CCCCCC;      opacity: 1.00;      border-radius: 0;      box-shadow: ;    }    #bwg_container1_0 #bwg_container2_0 .bwg-container-0.bwg-standard-thumbnails .bwg-item1 img {      max-height: none;      max-width: none;      padding: 0 !important;    }         @media only screen and (min-width: 480px) {\t\t#bwg_container1_0 #bwg_container2_0 .bwg-container-0.bwg-standard-thumbnails .bwg-item1 img {\t\t\t-webkit-transition: all .3s; transition: all .3s;\t\t}\t\t#bwg_container1_0 #bwg_container2_0 .bwg-container-0.bwg-standard-thumbnails .bwg-item1 img:hover {\t\t\t-ms-transform: scale(1.08);\t\t\t-webkit-transform: scale(1.08);\t\t\ttransform: scale(1.08);\t\t}\t\t      }\t    #bwg_container1_0 #bwg_container2_0 .bwg-container-0.bwg-standard-thumbnails .bwg-item1 {      padding-top: 56%;    }        #bwg_container1_0 #bwg_container2_0 .bwg-container-0.bwg-standard-thumbnails .bwg-title2,    #bwg_container1_0 #bwg_container2_0 .bwg-container-0.bwg-standard-thumbnails .bwg-ecommerce2 {      color: #323A45;      font-family: Ubuntu;      font-size: 16px;      font-weight: bold;      padding: 2px;      text-shadow: ;      max-height: 100%;    }    #bwg_container1_0 #bwg_container2_0 .bwg-container-0.bwg-standard-thumbnails .bwg-thumb-description span {    color: #323A45;    font-family: Ubuntu;    font-size: 12px;    max-height: 100%;    word-wrap: break-word;    }    #bwg_container1_0 #bwg_container2_0 .bwg-container-0.bwg-standard-thumbnails .bwg-play-icon2 {      font-size: 32px;    }    #bwg_container1_0 #bwg_container2_0 .bwg-container-0.bwg-standard-thumbnails .bwg-ecommerce2 {      font-size: 19.2px;      color: #323A45;    }    <\/style>    <div id=\"bwg_container1_0\"         class=\"bwg_container bwg_thumbnail bwg_thumbnails \"         data-right-click-protection=\"1\"         data-bwg=\"0\"         data-scroll=\"0\"         data-gallery-type=\"thumbnails\"         data-gallery-view-type=\"thumbnails\"         data-current-url=\"\/en\/wp-json\/wp\/v2\/pages\/995\"         data-lightbox-url=\"https:\/\/young-escort-berlin.de\/wp-admin\/admin-ajax.php?action=GalleryBox&#038;current_view=0&#038;gallery_id=63&#038;tag=0&#038;theme_id=1&#038;shortcode_id=133&#038;sort_by=order&#038;order_by=asc&#038;current_url=%2Fen%2Fwp-json%2Fwp%2Fv2%2Fpages%2F995\"         data-gallery-id=\"63\"         data-popup-width=\"800\"         data-popup-height=\"500\"         data-is-album=\"gallery\"         data-buttons-position=\"bottom\">      <div id=\"bwg_container2_0\">             <div id=\"ajax_loading_0\" class=\"bwg_loading_div_1\">      <div class=\"bwg_loading_div_2\">        <div class=\"bwg_loading_div_3\">          <div id=\"loading_div_0\" class=\"bwg_spider_ajax_loading\">          <\/div>        <\/div>      <\/div>    <\/div>            <form id=\"gal_front_form_0\"              class=\"bwg-hidden\"              method=\"post\"              action=\"#\"              data-current=\"0\"              data-shortcode-id=\"133\"              data-gallery-type=\"thumbnails\"              data-gallery-id=\"63\"              data-tag=\"0\"              data-album-id=\"0\"              data-theme-id=\"1\"              data-ajax-url=\"https:\/\/young-escort-berlin.de\/wp-admin\/admin-ajax.php?action=bwg_frontend_data\">          <div id=\"bwg_container3_0\" class=\"bwg-background bwg-background-0\">                <div data-max-count=\"5\"         data-thumbnail-width=\"250\"         data-bwg=\"0\"         data-gallery-id=\"63\"         data-lightbox-url=\"https:\/\/young-escort-berlin.de\/wp-admin\/admin-ajax.php?action=GalleryBox&amp;current_view=0&amp;gallery_id=63&amp;tag=0&amp;theme_id=1&amp;shortcode_id=133&amp;sort_by=order&amp;order_by=asc&amp;current_url=%2Fen%2Fwp-json%2Fwp%2Fv2%2Fpages%2F995\"         id=\"bwg_thumbnails_0\"         class=\"bwg-container-0 bwg-thumbnails bwg-standard-thumbnails bwg-container bwg-border-box\">            <div class=\"bwg-item\">        <a class=\"bwg-a  bwg_lightbox\"  data-image-id=\"621\" href=\"https:\/\/young-escort-berlin.de\/wp-content\/uploads\/photo-gallery\/Anna\/1.jpg?bwg=1742642474\" data-elementor-open-lightbox=\"no\">                <div class=\"bwg-item0 \">          <div class=\"bwg-item1 \">            <div class=\"bwg-item2\">              <img decoding=\"async\" class=\"skip-lazy bwg_standart_thumb_img_0 \"                   data-id=\"621\"                   data-width=\"283.00\"                   data-height=\"500.00\"                   data-src=\"https:\/\/young-escort-berlin.de\/wp-content\/uploads\/photo-gallery\/Anna\/thumb\/1.jpg?bwg=1742642474\"                   src=\"https:\/\/young-escort-berlin.de\/wp-content\/uploads\/photo-gallery\/Anna\/thumb\/1.jpg?bwg=1742642474\"                   alt=\"Sex\"                   title=\"Sex\" \/>            <\/div>            <div class=\"\">                                                      <\/div>          <\/div>        <\/div>                        <\/a>              <\/div>            <div class=\"bwg-item\">        <a class=\"bwg-a  bwg_lightbox\"  data-image-id=\"616\" href=\"https:\/\/young-escort-berlin.de\/wp-content\/uploads\/photo-gallery\/Anna\/4.jpg?bwg=1742642474\" data-elementor-open-lightbox=\"no\">                <div class=\"bwg-item0 \">          <div class=\"bwg-item1 \">            <div class=\"bwg-item2\">              <img decoding=\"async\" class=\"skip-lazy bwg_standart_thumb_img_0 \"                   data-id=\"616\"                   data-width=\"301.00\"                   data-height=\"500.00\"                   data-src=\"https:\/\/young-escort-berlin.de\/wp-content\/uploads\/photo-gallery\/Anna\/thumb\/4.jpg?bwg=1742642474\"                   src=\"https:\/\/young-escort-berlin.de\/wp-content\/uploads\/photo-gallery\/Anna\/thumb\/4.jpg?bwg=1742642474\"                   alt=\"Escort\"                   title=\"Escort\" \/>            <\/div>            <div class=\"\">                                                      <\/div>          <\/div>        <\/div>                        <\/a>              <\/div>            <div class=\"bwg-item\">        <a class=\"bwg-a  bwg_lightbox\"  data-image-id=\"619\" href=\"https:\/\/young-escort-berlin.de\/wp-content\/uploads\/photo-gallery\/Anna\/5.jpg?bwg=1742642474\" data-elementor-open-lightbox=\"no\">                <div class=\"bwg-item0 \">          <div class=\"bwg-item1 \">            <div class=\"bwg-item2\">              <img decoding=\"async\" class=\"skip-lazy bwg_standart_thumb_img_0 \"                   data-id=\"619\"                   data-width=\"375.00\"                   data-height=\"500.00\"                   data-src=\"https:\/\/young-escort-berlin.de\/wp-content\/uploads\/photo-gallery\/Anna\/thumb\/5.jpg?bwg=1742642474\"                   src=\"https:\/\/young-escort-berlin.de\/wp-content\/uploads\/photo-gallery\/Anna\/thumb\/5.jpg?bwg=1742642474\"                   alt=\"Berlin\"                   title=\"Berlin\" \/>            <\/div>            <div class=\"\">                                                      <\/div>          <\/div>        <\/div>                        <\/a>              <\/div>            <div class=\"bwg-item\">        <a class=\"bwg-a  bwg_lightbox\"  data-image-id=\"617\" href=\"https:\/\/young-escort-berlin.de\/wp-content\/uploads\/photo-gallery\/Anna\/7.jpg?bwg=1742642474\" data-elementor-open-lightbox=\"no\">                <div class=\"bwg-item0 \">          <div class=\"bwg-item1 \">            <div class=\"bwg-item2\">              <img decoding=\"async\" class=\"skip-lazy bwg_standart_thumb_img_0 \"                   data-id=\"617\"                   data-width=\"375.00\"                   data-height=\"500.00\"                   data-src=\"https:\/\/young-escort-berlin.de\/wp-content\/uploads\/photo-gallery\/Anna\/thumb\/7.jpg?bwg=1742642474\"                   src=\"https:\/\/young-escort-berlin.de\/wp-content\/uploads\/photo-gallery\/Anna\/thumb\/7.jpg?bwg=1742642474\"                   alt=\"young\"                   title=\"young\" \/>            <\/div>            <div class=\"\">                                                      <\/div>          <\/div>        <\/div>                        <\/a>              <\/div>            <div class=\"bwg-item\">        <a class=\"bwg-a  bwg_lightbox\"  data-image-id=\"618\" href=\"https:\/\/young-escort-berlin.de\/wp-content\/uploads\/photo-gallery\/Anna\/8.jpg?bwg=1742642474\" data-elementor-open-lightbox=\"no\">                <div class=\"bwg-item0 \">          <div class=\"bwg-item1 \">            <div class=\"bwg-item2\">              <img decoding=\"async\" class=\"skip-lazy bwg_standart_thumb_img_0 \"                   data-id=\"618\"                   data-width=\"375.00\"                   data-height=\"500.00\"                   data-src=\"https:\/\/young-escort-berlin.de\/wp-content\/uploads\/photo-gallery\/Anna\/thumb\/8.jpg?bwg=1742642474\"                   src=\"https:\/\/young-escort-berlin.de\/wp-content\/uploads\/photo-gallery\/Anna\/thumb\/8.jpg?bwg=1742642474\"                   alt=\"Anal\"                   title=\"Anal\" \/>            <\/div>            <div class=\"\">                                                      <\/div>          <\/div>        <\/div>                        <\/a>              <\/div>            <div class=\"bwg-item\">        <a class=\"bwg-a  bwg_lightbox\"  data-image-id=\"620\" href=\"https:\/\/young-escort-berlin.de\/wp-content\/uploads\/photo-gallery\/Anna\/6.jpg?bwg=1742642474\" data-elementor-open-lightbox=\"no\">                <div class=\"bwg-item0 \">          <div class=\"bwg-item1 \">            <div class=\"bwg-item2\">              <img decoding=\"async\" class=\"skip-lazy bwg_standart_thumb_img_0 \"                   data-id=\"620\"                   data-width=\"375.00\"                   data-height=\"500.00\"                   data-src=\"https:\/\/young-escort-berlin.de\/wp-content\/uploads\/photo-gallery\/Anna\/thumb\/6.jpg?bwg=1742642474\"                   src=\"https:\/\/young-escort-berlin.de\/wp-content\/uploads\/photo-gallery\/Anna\/thumb\/6.jpg?bwg=1742642474\"                   alt=\"bordel\"                   title=\"bordel\" \/>            <\/div>            <div class=\"\">                                                      <\/div>          <\/div>        <\/div>                        <\/a>              <\/div>            <div class=\"bwg-item\">        <a class=\"bwg-a  bwg_lightbox\"  data-image-id=\"622\" href=\"https:\/\/young-escort-berlin.de\/wp-content\/uploads\/photo-gallery\/Anna\/2.jpg?bwg=1742642474\" data-elementor-open-lightbox=\"no\">                <div class=\"bwg-item0 \">          <div class=\"bwg-item1 \">            <div class=\"bwg-item2\">              <img decoding=\"async\" class=\"skip-lazy bwg_standart_thumb_img_0 \"                   data-id=\"622\"                   data-width=\"301.00\"                   data-height=\"500.00\"                   data-src=\"https:\/\/young-escort-berlin.de\/wp-content\/uploads\/photo-gallery\/Anna\/thumb\/2.jpg?bwg=1742642474\"                   src=\"https:\/\/young-escort-berlin.de\/wp-content\/uploads\/photo-gallery\/Anna\/thumb\/2.jpg?bwg=1742642474\"                   alt=\"jung\"                   title=\"jung\" \/>            <\/div>            <div class=\"\">                                                      <\/div>          <\/div>        <\/div>                        <\/a>              <\/div>            <div class=\"bwg-item\">        <a class=\"bwg-a  bwg_lightbox\"  data-image-id=\"623\" href=\"https:\/\/young-escort-berlin.de\/wp-content\/uploads\/photo-gallery\/Anna\/3.jpg?bwg=1742642474\" data-elementor-open-lightbox=\"no\">                <div class=\"bwg-item0 \">          <div class=\"bwg-item1 \">            <div class=\"bwg-item2\">              <img decoding=\"async\" class=\"skip-lazy bwg_standart_thumb_img_0 \"                   data-id=\"623\"                   data-width=\"300.00\"                   data-height=\"500.00\"                   data-src=\"https:\/\/young-escort-berlin.de\/wp-content\/uploads\/photo-gallery\/Anna\/thumb\/3.jpg?bwg=1742642474\"                   src=\"https:\/\/young-escort-berlin.de\/wp-content\/uploads\/photo-gallery\/Anna\/thumb\/3.jpg?bwg=1742642474\"                   alt=\"Laufhaus\"                   title=\"Laufhaus\" \/>            <\/div>            <div class=\"\">                                                      <\/div>          <\/div>        <\/div>                        <\/a>              <\/div>          <\/div>    <style>      \/*pagination styles*\/      #bwg_container1_0 #bwg_container2_0 .tablenav-pages_0 {\t\t\t\ttext-align: center;\t\t\t\tfont-size: 12px;\t\t\t\tfont-family: Ubuntu;\t\t\t\tfont-weight: bold;\t\t\t\tcolor: #666666;\t\t\t\tmargin: 6px 0 4px;\t\t\t\tdisplay: block;      }      @media only screen and (max-width : 320px) {      #bwg_container1_0 #bwg_container2_0 .displaying-num_0 {     \t display: none;      }      }      #bwg_container1_0 #bwg_container2_0 .displaying-num_0 {\t\t\t\tfont-size: 12px;\t\t\t\tfont-family: Ubuntu;\t\t\t\tfont-weight: bold;\t\t\t\tcolor: #666666;\t\t\t\tmargin-right: 10px;\t\t\t\tvertical-align: middle;      }      #bwg_container1_0 #bwg_container2_0 .paging-input_0 {\t\t\t\tfont-size: 12px;\t\t\t\tfont-family: Ubuntu;\t\t\t\tfont-weight: bold;\t\t\t\tcolor: #666666;\t\t\t\tvertical-align: middle;      }      #bwg_container1_0 #bwg_container2_0 .tablenav-pages_0 a.disabled,      #bwg_container1_0 #bwg_container2_0 .tablenav-pages_0 a.disabled:hover,      #bwg_container1_0 #bwg_container2_0 .tablenav-pages_0 a.disabled:focus,\t\t\t#bwg_container1_0 #bwg_container2_0 .tablenav-pages_0 input.bwg_current_page {\t\t\t\tcursor: default;\t\t\t\tcolor: rgba(102, 102, 102, 0.5);      }      #bwg_container1_0 #bwg_container2_0 .tablenav-pages_0 a,      #bwg_container1_0 #bwg_container2_0 .tablenav-pages_0 input.bwg_current_page {\t\t\t\tcursor: pointer;\t\t\t\ttext-align: center;\t\t\t\tfont-size: 12px;\t\t\t\tfont-family: Ubuntu;\t\t\t\tfont-weight: bold;\t\t\t\tcolor: #666666;\t\t\t\ttext-decoration: none;\t\t\t\tpadding: 3px 6px;\t\t\t\tmargin: 0;\t\t\t\tborder-radius: 0;\t\t\t\tborder-style: solid;\t\t\t\tborder-width: 1px;\t\t\t\tborder-color: #E3E3E3;\t\t\t\t\t\t\t\tbackground-color: rgba(255, 255, 255, 1.00);\t\t\t\tbox-shadow: 0;\t\t\t\ttransition: all 0.3s ease 0s;-webkit-transition: all 0.3s ease 0s;      }      <\/style>      <span class=\"bwg_nav_cont_0\">              <div class=\"tablenav-pages_0\">                  <\/div>                <input type=\"hidden\" id=\"page_number_0\" name=\"page_number_0\" value=\"1\" \/>      <script type=\"text\/javascript\">        if( jQuery('.bwg_nav_cont_0').length > 1 ) {          jQuery('.bwg_nav_cont_0').first().remove()        }        function spider_page_0(cur, x, y, load_more) {          if (typeof load_more == \"undefined\") {            var load_more = false;          }          if (jQuery(cur).hasClass('disabled')) {            return false;          }          var items_county_0 = 1;          switch (y) {            case 1:              if (x >= items_county_0) {                document.getElementById('page_number_0').value = items_county_0;              }              else {                document.getElementById('page_number_0').value = x + 1;              }              break;            case 2:              document.getElementById('page_number_0').value = items_county_0;              break;            case -1:              if (x == 1) {                document.getElementById('page_number_0').value = 1;              }              else {                document.getElementById('page_number_0').value = x - 1;              }              break;            case -2:              document.getElementById('page_number_0').value = 1;              break;\t\t\t\t\t\tcase 0:              document.getElementById('page_number_0').value = x;              break;            default:              document.getElementById('page_number_0').value = 1;          }          bwg_ajax('gal_front_form_0', '0', 'bwg_thumbnails_0', '0', '', 'gallery', 0, '', '', load_more, '', 1);        }                    jQuery('.first-page-0').on('click', function () {              spider_page_0(this, 1, -2, 'numeric');              return false;            });            jQuery('.prev-page-0').on('click', function () {              spider_page_0(this, 1, -1, 'numeric');              return false;            });            jQuery('.next-page-0').on('click', function () {              spider_page_0(this, 1, 1, 'numeric');              return false;            });            jQuery('.last-page-0').on('click', function () {              spider_page_0(this, 1, 2, 'numeric');              return false;            });        \t\t\t\t\/* Change page on input enter. *\/        function bwg_change_page_0( e, that ) {          if (  e.key == 'Enter' ) {            var to_page = parseInt(jQuery(that).val());            var pages_count = jQuery(that).parents(\".pagination-links\").data(\"pages-count\");            var current_url_param = jQuery(that).attr('data-url-info');            if (to_page > pages_count) {              to_page = 1;            }\t \t\t\t\t\t\t\t\t\t\t\t\tspider_page_0(this, to_page, 0, 'numeric');\t\t\t\t\t\t\treturn false;\t\t\t\t\t\t          }          return true;        }        jQuery('.bwg_load_btn_0').on('click', function () {            spider_page_0(this, 1, 1, true);            return false;        });      <\/script>      <\/span>                <\/div>        <\/form>        <style>          #bwg_container1_0 #bwg_container2_0 #spider_popup_overlay_0 {          background-color: #EEEEEE;          opacity: 0.60;          }          <\/style>        <div id=\"bwg_spider_popup_loading_0\" class=\"bwg_spider_popup_loading\"><\/div>        <div id=\"spider_popup_overlay_0\" class=\"spider_popup_overlay\" onclick=\"spider_destroypopup(1000)\"><\/div>        <input type=\"hidden\" id=\"bwg_random_seed_0\" value=\"1440738737\">                <\/div>    <\/div>    <script>      if (document.readyState === 'complete') {        if( typeof bwg_main_ready == 'function' ) {          if ( jQuery(\"#bwg_container1_0\").height() ) {            bwg_main_ready(jQuery(\"#bwg_container1_0\"));          }        }      } else {        document.addEventListener('DOMContentLoaded', function() {          if( typeof bwg_main_ready == 'function' ) {            if ( jQuery(\"#bwg_container1_0\").height() ) {             bwg_main_ready(jQuery(\"#bwg_container1_0\"));            }          }        });      }    <\/script>    \n<p>Hallo ihr scharfen Berliner M\u00e4nner. Ganz neu und nur f\u00fcr euch. Ich bin Anna und erst 24 Jahre alt. Ich freue mich auf eure Besuche f\u00fcr ein hei\u00dfes Vergn\u00fcgen. Hier bei mir oder ich besuche dich gerne in Berlin. Hoffentlich bis bald.<\/p>\n","protected":false},"excerpt":{"rendered":"<p>Hallo ihr scharfen Berliner M\u00e4nner. Ganz neu und nur f\u00fcr euch. Ich bin Anna und erst 24 Jahre alt. Ich freue mich auf eure Besuche f\u00fcr ein hei\u00dfes Vergn\u00fcgen. Hier bei mir oder ich besuche dich gerne in Berlin. Hoffentlich &hellip; <a href=\"https:\/\/young-escort-berlin.de\/en\/995-2\/\">Continue reading <span class=\"meta-nav\">&rarr;<\/span><\/a><\/p>\n","protected":false},"author":1,"featured_media":0,"parent":0,"menu_order":0,"comment_status":"closed","ping_status":"closed","template":"","meta":{"_acf_changed":false,"footnotes":""},"class_list":["post-995","page","type-page","status-publish","hentry"],"translation":{"provider":"WPGlobus","version":"3.0.2","language":"en","enabled_languages":["de","en"],"languages":{"de":{"title":true,"content":true,"excerpt":false},"en":{"title":false,"content":false,"excerpt":false}}},"acf":[],"yoast_head":"<!-- This site is optimized with the Yoast SEO plugin v26.8 - https:\/\/yoast.com\/product\/yoast-seo-wordpress\/ -->\n<title>Anna | Mihaelas Massage Studio<\/title>\n<meta name=\"robots\" content=\"index, follow, max-snippet:-1, max-image-preview:large, max-video-preview:-1\" \/>\n<link rel=\"canonical\" href=\"https:\/\/young-escort-berlin.de\/995-2\/\" \/>\n<meta property=\"og:locale\" content=\"en_US\" \/>\n<meta property=\"og:type\" content=\"article\" \/>\n<meta property=\"og:title\" content=\"Anna | Mihaelas Massage Studio\" \/>\n<meta property=\"og:url\" content=\"https:\/\/young-escort-berlin.de\/995-2\/\" \/>\n<meta property=\"og:site_name\" content=\"Mihaelas Massage Studio\" \/>\n<meta property=\"article:modified_time\" content=\"2025-03-22T11:27:39+00:00\" \/>\n<meta name=\"twitter:card\" content=\"summary_large_image\" \/>\n<meta name=\"twitter:label1\" content=\"Est. reading time\" \/>\n\t<meta name=\"twitter:data1\" content=\"1 minute\" \/>\n<script type=\"application\/ld+json\" class=\"yoast-schema-graph\">{\"@context\":\"https:\/\/schema.org\",\"@graph\":[{\"@type\":\"WebPage\",\"@id\":\"https:\/\/young-escort-berlin.de\/995-2\/\",\"url\":\"https:\/\/young-escort-berlin.de\/995-2\/\",\"name\":\"Anna | Mihaelas Massage Studio\",\"isPartOf\":{\"@id\":\"https:\/\/young-escort-berlin.de\/#website\"},\"datePublished\":\"2025-03-22T11:25:17+00:00\",\"dateModified\":\"2025-03-22T11:27:39+00:00\",\"breadcrumb\":{\"@id\":\"https:\/\/young-escort-berlin.de\/995-2\/#breadcrumb\"},\"inLanguage\":\"en-US\",\"potentialAction\":[{\"@type\":\"ReadAction\",\"target\":[\"https:\/\/young-escort-berlin.de\/995-2\/\"]}]},{\"@type\":\"BreadcrumbList\",\"@id\":\"https:\/\/young-escort-berlin.de\/995-2\/#breadcrumb\",\"itemListElement\":[{\"@type\":\"ListItem\",\"position\":1,\"name\":\"Startseite\",\"item\":\"https:\/\/young-escort-berlin.de\/\"},{\"@type\":\"ListItem\",\"position\":2,\"name\":\"Anna\"}]},{\"@type\":\"WebSite\",\"@id\":\"https:\/\/young-escort-berlin.de\/#website\",\"url\":\"https:\/\/young-escort-berlin.de\/\",\"name\":\"Mihaelas Massage Studio\",\"description\":\"young-escort-berlin\",\"publisher\":{\"@id\":\"https:\/\/young-escort-berlin.de\/#organization\"},\"potentialAction\":[{\"@type\":\"SearchAction\",\"target\":{\"@type\":\"EntryPoint\",\"urlTemplate\":\"https:\/\/young-escort-berlin.de\/?s={search_term_string}\"},\"query-input\":{\"@type\":\"PropertyValueSpecification\",\"valueRequired\":true,\"valueName\":\"search_term_string\"}}],\"inLanguage\":\"en-US\"},{\"@type\":\"Organization\",\"@id\":\"https:\/\/young-escort-berlin.de\/#organization\",\"name\":\"Mihaelas Massage Studio\",\"url\":\"https:\/\/young-escort-berlin.de\/\",\"logo\":{\"@type\":\"ImageObject\",\"inLanguage\":\"en-US\",\"@id\":\"https:\/\/young-escort-berlin.de\/#\/schema\/logo\/image\/\",\"url\":\"https:\/\/young-escort-berlin.de\/wp-content\/uploads\/2023\/01\/flavicon-1.jpg\",\"contentUrl\":\"https:\/\/young-escort-berlin.de\/wp-content\/uploads\/2023\/01\/flavicon-1.jpg\",\"width\":200,\"height\":200,\"caption\":\"Mihaelas Massage Studio\"},\"image\":{\"@id\":\"https:\/\/young-escort-berlin.de\/#\/schema\/logo\/image\/\"}}]}<\/script>\n<!-- \/ Yoast SEO plugin. -->","yoast_head_json":{"title":"Anna | Mihaelas Massage Studio","robots":{"index":"index","follow":"follow","max-snippet":"max-snippet:-1","max-image-preview":"max-image-preview:large","max-video-preview":"max-video-preview:-1"},"canonical":"https:\/\/young-escort-berlin.de\/995-2\/","og_locale":"en_US","og_type":"article","og_title":"Anna | Mihaelas Massage Studio","og_url":"https:\/\/young-escort-berlin.de\/995-2\/","og_site_name":"Mihaelas Massage Studio","article_modified_time":"2025-03-22T11:27:39+00:00","twitter_card":"summary_large_image","twitter_misc":{"Est. reading time":"1 minute"},"schema":{"@context":"https:\/\/schema.org","@graph":[{"@type":"WebPage","@id":"https:\/\/young-escort-berlin.de\/995-2\/","url":"https:\/\/young-escort-berlin.de\/995-2\/","name":"Anna | Mihaelas Massage Studio","isPartOf":{"@id":"https:\/\/young-escort-berlin.de\/#website"},"datePublished":"2025-03-22T11:25:17+00:00","dateModified":"2025-03-22T11:27:39+00:00","breadcrumb":{"@id":"https:\/\/young-escort-berlin.de\/995-2\/#breadcrumb"},"inLanguage":"en-US","potentialAction":[{"@type":"ReadAction","target":["https:\/\/young-escort-berlin.de\/995-2\/"]}]},{"@type":"BreadcrumbList","@id":"https:\/\/young-escort-berlin.de\/995-2\/#breadcrumb","itemListElement":[{"@type":"ListItem","position":1,"name":"Startseite","item":"https:\/\/young-escort-berlin.de\/"},{"@type":"ListItem","position":2,"name":"Anna"}]},{"@type":"WebSite","@id":"https:\/\/young-escort-berlin.de\/#website","url":"https:\/\/young-escort-berlin.de\/","name":"Mihaelas Massage Studio","description":"young-escort-berlin","publisher":{"@id":"https:\/\/young-escort-berlin.de\/#organization"},"potentialAction":[{"@type":"SearchAction","target":{"@type":"EntryPoint","urlTemplate":"https:\/\/young-escort-berlin.de\/?s={search_term_string}"},"query-input":{"@type":"PropertyValueSpecification","valueRequired":true,"valueName":"search_term_string"}}],"inLanguage":"en-US"},{"@type":"Organization","@id":"https:\/\/young-escort-berlin.de\/#organization","name":"Mihaelas Massage Studio","url":"https:\/\/young-escort-berlin.de\/","logo":{"@type":"ImageObject","inLanguage":"en-US","@id":"https:\/\/young-escort-berlin.de\/#\/schema\/logo\/image\/","url":"https:\/\/young-escort-berlin.de\/wp-content\/uploads\/2023\/01\/flavicon-1.jpg","contentUrl":"https:\/\/young-escort-berlin.de\/wp-content\/uploads\/2023\/01\/flavicon-1.jpg","width":200,"height":200,"caption":"Mihaelas Massage Studio"},"image":{"@id":"https:\/\/young-escort-berlin.de\/#\/schema\/logo\/image\/"}}]}},"_links":{"self":[{"href":"https:\/\/young-escort-berlin.de\/en\/wp-json\/wp\/v2\/pages\/995","targetHints":{"allow":["GET"]}}],"collection":[{"href":"https:\/\/young-escort-berlin.de\/en\/wp-json\/wp\/v2\/pages"}],"about":[{"href":"https:\/\/young-escort-berlin.de\/en\/wp-json\/wp\/v2\/types\/page"}],"author":[{"embeddable":true,"href":"https:\/\/young-escort-berlin.de\/en\/wp-json\/wp\/v2\/users\/1"}],"replies":[{"embeddable":true,"href":"https:\/\/young-escort-berlin.de\/en\/wp-json\/wp\/v2\/comments?post=995"}],"version-history":[{"count":4,"href":"https:\/\/young-escort-berlin.de\/en\/wp-json\/wp\/v2\/pages\/995\/revisions"}],"predecessor-version":[{"id":999,"href":"https:\/\/young-escort-berlin.de\/en\/wp-json\/wp\/v2\/pages\/995\/revisions\/999"}],"wp:attachment":[{"href":"https:\/\/young-escort-berlin.de\/en\/wp-json\/wp\/v2\/media?parent=995"}],"curies":[{"name":"wp","href":"https:\/\/api.w.org\/{rel}","templated":true}]}}